{"id":28,"date":"2020-02-06T09:45:11","date_gmt":"2020-02-06T08:45:11","guid":{"rendered":"http:\/\/vpts.edu.rs\/lands\/?page_id=28"},"modified":"2020-02-07T11:18:36","modified_gmt":"2020-02-07T10:18:36","slug":"aktivnosti","status":"publish","type":"page","link":"http:\/\/vpts.edu.rs\/lands\/?page_id=28","title":{"rendered":"AKTIVNOSTI"},"content":{"rendered":"\n<blockquote class=\"wp-block-quote is-layout-flow wp-block-quote-is-layout-flow\"><p>Realizacija radnih aktivnosti na projektu je zapo\u010dela odr\u017eavanjem Kick-off sastanka u Visokoj poljoprivredno-prehrambenoj \u0161koli strukovnih studija u Prokuplju (aktivnost 7.1) 08.12.2017. godine. Na sastanku su predstavljena iskustva prethodnog projekta AGRIVOC kojim je tako\u0111e koordinirala Visoka \u0161kola iz Prokuplja, i dogovrena&nbsp; su pravila rada na ovom projektu. Definisan je upravni odbor projekta (dr Ivana \u0106irovi\u0107, direktor je predstavnik V\u0160\u0160S U\u017eice) i odbor za kontrolu kvaliteta (dr Vesna Marjanovi\u0107 je \u010dlan odbora iz V\u0160\u0160S U\u017eice).<\/p><\/blockquote>\n\n\n\n<p>Aktivnosti radnog paketa 1 (aktivnosti 1.1, 1.2, 1.3\ni 1.4) su sprovedene online anketiranjem u\u010desnika u agroturizmu, u \u010dijoj su\nrelizaciji u\u010desnici projekta iz \u0160kole zajedno sa kolegama iz RRA Zlatibor\nu\u010destvovali kreiranjem baze aktera u agroturizmu u Zlatiborskom okrugu i\naktivnim u\u010de\u0161\u0107em u kreiranju \u010detiri izve\u0161taja dobijenih rezultatima ankete (Mapiranje\nrazvojnoh potencijala agroturizma u RS i BiH, Analiza potreba za edukacijom u\nagroturizmu u Srbiji\/Bosni i Hercegovini,&nbsp;\nAnaliza u\u010desnika agrotuirzma u Srbiji i Bosni i Hercegovini i Osnovne\npreporuke z aunapre\u0111enje infrastrukture i pobolj\u0161anje nivoa kvaliteta u sektoru\nagroturizma u BIH I Srbiji).<\/p>\n\n\n\n<blockquote class=\"wp-block-quote is-layout-flow wp-block-quote-is-layout-flow\"><p>Na sastanku u Nitri odr\u017eanom u periodu 19-22.02.2018. godine zapo\u010deta je obuka za kori\u0161\u0107enje Moodle plaforme, a zavr\u0161ena je obukom kolege \u0110or\u0111a Forsta na sastancima u Mostaru 14-17.04.2019 i Sarajevu 22-24.05.2019. godine (aktivnost 2.1). U okviru Moodle platforme \u0160kole kreirana je baza kurseva LANDS projekta\u00a0 &#8211; ukupno 32 od kojih su 8 kurseva kreirali nastavnici na\u0161e institucije.<\/p><\/blockquote>\n\n\n\n<p>Realizovana je aktivnost kreiranja kurseva za\nprofesionalce i po\u010detnike u agroturizmu (aktivnost 2.2), kreiranja nastavnog\nmaterijala (aktivnost 2.3) i definisana su dva tipa kurseva: kursevi za\nupravljanje doma\u0107instvima i kursevi za programe za goste. Visoka \u0161kola U\u017eice je\nkeator ukupno 8 kurseva:<\/p>\n\n\n\n<ul><li>Animacije u agroturizmu \u2013 dr Radmila Novakovi\u0107 Kosti\u0107,<\/li><li>Ekolo\u0161ki aspekti poslovanja nosilaca ponude u odr\u017eivom agroturizmu \u2013 dr Sne\u017eana Aksentijevi\u0107 i dr Vesna Marjanovi\u0107,<\/li><li>Nematerijalna kulturna ba\u0161tina u funkciji agroturizma\u2013 dr Radmila Novakovi\u0107 Kosti\u0107,<\/li><li>Upravljanje finansijama u agroturizmu \u2013 mr Biljana \u0110uri\u010di\u0107<\/li><li>Organizacija doga\u0111aja u agroturizmu i promovisanje lokalnih manifestacija\u2013 dr Radmila Novakovi\u0107 Kosti\u0107,<\/li><li>Pravna regulativa u poslovanju seoskih turisti\u010dkih&nbsp; doma\u0107instava \u2013 dr Radomir Stojanovi\u0107,<\/li><li>Savremene tehnike promocije i prodaje u agroturizmu \u2013 dr Radomir Stojanovi\u0107, dr Sandra Stojadinovi\u0107 Jovanovi\u0107, mr Slobodanka Markovi\u0107, Ivana Marinkovi\u0107,<\/li><li>Usluge ishrane i pi\u0107a kao segment ponude u agroturizmu\u2013 dr Radomir Stojanovi\u0107.<\/li><\/ul>\n\n\n\n<blockquote class=\"wp-block-quote is-layout-flow wp-block-quote-is-layout-flow\"><p>Interna institucionalna diseminacija (aktivnost 6.2) je sprovedena kroz predstavljanje projekta i rezultata projekta na Nau\u010dno-stru\u010dnom ve\u0107u \u0161kole 15.05.2018. godine i Savetu \u0161kole 03.05.2018. godine.<\/p><\/blockquote>\n\n\n\n<p>U okviru radnog paketa 4 kupljena je i instalirana\nslede\u0107a <strong>OPREMA <\/strong>(aktivnost 4.2):<\/p>\n\n\n\n<p>Ra\u010dunarska oprema \u2013 dobavlja\u010d Jakov sistem d.o.o <\/p>\n\n\n\n<table class=\"wp-block-table\"><tbody><tr><td>\n  Redni broj\n  <\/td><td>\n  Naziv artikla\n  <\/td><td>\n  Koli\u010dina\n  <\/td><\/tr><tr><td>       \u00a01.     <\/td><td>\n  Acer A717-72G i5-8300H\n  <\/td><td>\n  15\n  <\/td><\/tr><tr><td>       \u00a02.     <\/td><td>\n  LG\n  Projektor PF1500G DLP FHD\n  <\/td><td>\n  4\n  <\/td><\/tr><tr><td>       \u00a03.   <\/td><td>\n  WBP Intel Pentium G4560 + Philips 21.5\u201d\n  <\/td><td>\n  10\n  <\/td><\/tr><\/tbody><\/table>\n\n\n\n<p>Konferencijska oprema \u2013 dobavlja\u010d Uspon d.o.o<\/p>\n\n\n\n<table class=\"wp-block-table\"><tbody><tr><td>\n  Redni broj\n  <\/td><td>\n  Naziv artikla\n  <\/td><td>\n  Koli\u010dina\n  <\/td><\/tr><tr><td>       \u00a0      1.<\/td><td>\n  FBT-\n  X-LITE 10A\n  <\/td><td>\n  4\n  <\/td><\/tr><tr><td>       \u00a0      2.<\/td><td>\n  Proel PA DWSKIT\n  <\/td><td>\n  2\n  <\/td><\/tr><tr><td>       \u00a0      3.<\/td><td>\n  Behringer\n  PMP 4000 EUROPOWER\n  <\/td><td>\n  1\n  <\/td><\/tr><\/tbody><\/table>\n\n\n\n<p>Laboratorijska oprema \u2013 dobavlja\u010d Kefo d.o.o<\/p>\n\n\n\n<table class=\"wp-block-table\"><tbody><tr><td>\n  Redni broj\n  <\/td><td>\n  Naziv artikla\n  <\/td><td>\n  Koli\u010dina\n  <\/td><\/tr><tr><td>  1.    \u00a0      <\/td><td>\n  Plameni fotometar (Flame Photometer Jenway PEP7)\n  <\/td><td>\n  1\n  <\/td><\/tr><tr><td>  2.    \u00a0      <\/td><td>\n  Su\u0161nica\n  (Dryer Memmert UN110)\n  <\/td><td>\n  1\n  <\/td><\/tr><tr><td>   3.      <\/td><td>\n  Destilacioni\n  aparat (DistillatorElektronDest 4)\n  <\/td><td>\n  1\n  <\/td><\/tr><tr><td>   4.  \u00a0      <\/td><td>\n  Fri\u017eider\n  (Refrigerator Thermo Scientific 288-AEV-TS)\n  <\/td><td>\n  1\n  <\/td><\/tr><tr><td>   5.  \u00a0      <\/td><td>\n  Tresilica\n  (Vibratory RETSCH AS 200 BASIC)\n  <\/td><td>\n  1\n  <\/td><\/tr><tr><td>   6.    \u00a0      <\/td><td>\n  Mlin\n  MATEST\n  <\/td><td>\n  1\n  <\/td><\/tr><tr><td>    7.   \u00a0      <\/td><td>\n  Kalcimetar (CalcimeterScheibler)\n  <\/td><td>\n  1\n  <\/td><\/tr><tr><td>    8. \u00a0      <\/td><td>\n  Sito\n  (Sieve Retsch 250\u00b5m)\n  <\/td><td>\n  1\n  <\/td><\/tr><tr><td>    9. \u00a0      <\/td><td>\n  Sito\n  (Sieve Retsch 2\u00b5m)\n  <\/td><td>\n  1\n  <\/td><\/tr><tr><td>   10.  \u00a0      <\/td><td>\n  Sito\n  (Sieve Retsch 200\u00b5m)\n  <\/td><td>\n  1\n  <\/td><\/tr><tr><td>   11. \u00a0      <\/td><td>\n  Prihvatna\n  posuda (CATCHING SOIL STAINLESS Retsch)\n  <\/td><td>\n  1\n  <\/td><\/tr><tr><td>   12.      <\/td><td>\n  Poklopac\n  (CLAMPING DEVICES FOR TEST SIEVES Retsch)\n  <\/td><td>\n  1\n  <\/td><\/tr><\/tbody><\/table>\n\n\n\n<p>Zavr\u0161ena je obuka za edukatore, na temu metodologije\nobrazovanja odraslih (radni paket 3 \u2013 aktivnosti 3.1-3.2)\nodr\u017eavanjem \u010detiri modula: u Ni\u0161u u periodu 10-11.09.2018. godine, u Beogradu\n04.10-05.10.2019, Sarajevu 12-14.11.2019 i Banja Luci 10-13.03.2019 .<\/p>\n\n\n\n<p>U\norganizaciji na\u0161e \u0160kole i RRRA Zlatibor organizovana je \u010detvoromodulni trening\nza trenere u slu\u0161aonici 205 06.12.2019. godine (aktivnost 3.4). Treningu su\nprisustvovali predstavnici turisti\u010dkih organizacija (lokalnih i regionalnih),\n\u010dlan gradskog ve\u0107a zadu\u017een za truizam, udru\u017eenja iz oblasti agroturizma,\npoljoprivrednih udru\u017eenja, poljoprivrednih gazdinstava, ekolo\u0161kih dru\u0161tava.<\/p>\n\n\n\n<p>Dono\u0161enjem odluke na Nastavno-stru\u010dnom ve\u0107u \u0160kole o\nutvr\u0111ivanju programa obrazovanja tokom \u010ditavog \u017eivota 05.12.2019. godine za\nukupno 9 kurseva koje je na\u0161a institucija uradila u saradnji sa RRA Zlatibor\nzavr\u0161ena je radna aktivnost sertifikacije kurseva (aktivnost 4.1)<\/p>\n\n\n\n<p>Izvr\u0161ena je prva preventivna monitoring poseta\npredstavnika Tempus kancelarije u Prokuplju 29.03.2018. godine. Na sastanku u\nMostaru 23.03.2019. godine izvr\u0161ena je druga kontorlna monitoring poseta\nprestavnika Tempus kancelarije u Bosni i Hercegovini.<\/p>\n","protected":false},"excerpt":{"rendered":"<p>Realizacija radnih aktivnosti na projektu je zapo\u010dela odr\u017eavanjem Kick-off sastanka u Visokoj poljoprivredno-prehrambenoj \u0161koli strukovnih studija u Prokuplju (aktivnost 7.1) 08.12.2017. godine. Na sastanku su [&hellip;]<\/p>\n","protected":false},"author":1,"featured_media":0,"parent":0,"menu_order":0,"comment_status":"closed","ping_status":"closed","template":"","meta":{"footnotes":""},"_links":{"self":[{"href":"http:\/\/vpts.edu.rs\/lands\/index.php?rest_route=\/wp\/v2\/pages\/28"}],"collection":[{"href":"http:\/\/vpts.edu.rs\/lands\/index.php?rest_route=\/wp\/v2\/pages"}],"about":[{"href":"http:\/\/vpts.edu.rs\/lands\/index.php?rest_route=\/wp\/v2\/types\/page"}],"author":[{"embeddable":true,"href":"http:\/\/vpts.edu.rs\/lands\/index.php?rest_route=\/wp\/v2\/users\/1"}],"replies":[{"embeddable":true,"href":"http:\/\/vpts.edu.rs\/lands\/index.php?rest_route=%2Fwp%2Fv2%2Fcomments&post=28"}],"version-history":[{"count":0,"href":"http:\/\/vpts.edu.rs\/lands\/index.php?rest_route=\/wp\/v2\/pages\/28\/revisions"}],"wp:attachment":[{"href":"http:\/\/vpts.edu.rs\/lands\/index.php?rest_route=%2Fwp%2Fv2%2Fmedia&parent=28"}],"curies":[{"name":"wp","href":"https:\/\/api.w.org\/{rel}","templated":true}]}}