{"id":218,"date":"2021-03-22T07:57:23","date_gmt":"2021-03-22T06:57:23","guid":{"rendered":"http:\/\/vpts.edu.rs\/lands\/?page_id=218"},"modified":"2021-03-24T08:16:16","modified_gmt":"2021-03-24T07:16:16","slug":"dokumenta","status":"publish","type":"page","link":"http:\/\/vpts.edu.rs\/lands\/?page_id=218","title":{"rendered":"DOKUMENTA"},"content":{"rendered":"\n<blockquote class=\"wp-block-quote is-layout-flow wp-block-quote-is-layout-flow\"><p><a href=\"http:\/\/vpts.edu.rs\/lands\/dokumenta\/izvestaj.pdf\">Izve\u0161taj o radu Erasmus+ projekta 585833-EPP-1-2017-1-RS-EPPKA2-CBHE-JP LANDS, Slede\u0107a destinacija balkan: Razvoj agroturizma<\/a><\/p><p><\/p><\/blockquote>\n\n\n\n<blockquote class=\"wp-block-quote is-layout-flow wp-block-quote-is-layout-flow\"><p><a href=\"http:\/\/vpts.edu.rs\/lands\/dokumenta\/odluka_program.pdf\">Odluka o utvr\u0111ivanju programa obrazovanja tokom \u010ditavog \u017eivota za potrebe realizacije aktivnosti na Erasmus+ projektu 585833, 5.12.2019. godine<\/a> <\/p><p><\/p><\/blockquote>\n\n\n\n<blockquote class=\"wp-block-quote is-layout-flow wp-block-quote-is-layout-flow\"><p><a href=\"http:\/\/vpts.edu.rs\/lands\/dokumenta\/odluka_program_2.PDF\"> Odluka o utvr\u0111ivanju programa obrazovanja tokom \u010ditavog \u017eivota za potrebe realizacije aktivnosti na Erasmus+ projektu 585833, 2.12.2020. godine<\/a> <\/p><\/blockquote>\n\n\n\n<blockquote class=\"wp-block-quote is-layout-flow wp-block-quote-is-layout-flow\"><p><a href=\"http:\/\/vpts.edu.rs\/lands\/dokumenta\/zapisnik_17.11.2020.pdf\">Izve\u0161taj obuka &#8220;Savremene tehnike promocije i prodaje u ruralnom turizmu&#8221;, 17.11.2020.godine<\/a><\/p><\/blockquote>\n\n\n\n<blockquote class=\"wp-block-quote is-layout-flow wp-block-quote-is-layout-flow\"><p><a href=\"http:\/\/vpts.edu.rs\/lands\/dokumenta\/zapisnik_10.11.2020.pdf\">Izve\u0161taj obuka &#8220;Nematerijalna kulturna ba\u0161tina u funkciji razvoju agroturizma&#8221;, 10.11.2020.godine<\/a><\/p><\/blockquote>\n\n\n\n<blockquote class=\"wp-block-quote is-layout-flow wp-block-quote-is-layout-flow\"><p><a href=\"http:\/\/vpts.edu.rs\/lands\/dokumenta\/zapisnik_07.10.2020.pdf\">Izve\u0161taj obuka &#8220;Animacije u agroturizmu&#8221;, 07.10.2020.godine<\/a><\/p><\/blockquote>\n\n\n\n<blockquote class=\"wp-block-quote is-layout-flow wp-block-quote-is-layout-flow\"><p><a href=\"http:\/\/vpts.edu.rs\/lands\/dokumenta\/zapisnik_11.09.2020.pdf\">Izve\u0161taj obuka &#8220;Upravljanje finansijama u agroturizmu&#8221;, 11.9.2020.godine<\/a><\/p><\/blockquote>\n\n\n\n<blockquote class=\"wp-block-quote is-layout-flow wp-block-quote-is-layout-flow\"><p><a href=\"http:\/\/vpts.edu.rs\/lands\/dokumenta\/zapisnik_12.03.2020.pdf\">Izve\u0161taj obuka &#8220;Pravna regulativa u poslovanju seoskih turisti\u010dkih doma\u0107instava&#8221;, 12.3.2020.godine<\/a><\/p><\/blockquote>\n","protected":false},"excerpt":{"rendered":"<p>Izve\u0161taj o radu Erasmus+ projekta 585833-EPP-1-2017-1-RS-EPPKA2-CBHE-JP LANDS, Slede\u0107a destinacija balkan: Razvoj agroturizma Odluka o utvr\u0111ivanju programa obrazovanja tokom \u010ditavog \u017eivota za potrebe realizacije aktivnosti na [&hellip;]<\/p>\n","protected":false},"author":1,"featured_media":0,"parent":0,"menu_order":0,"comment_status":"closed","ping_status":"closed","template":"","meta":{"footnotes":""},"_links":{"self":[{"href":"http:\/\/vpts.edu.rs\/lands\/index.php?rest_route=\/wp\/v2\/pages\/218"}],"collection":[{"href":"http:\/\/vpts.edu.rs\/lands\/index.php?rest_route=\/wp\/v2\/pages"}],"about":[{"href":"http:\/\/vpts.edu.rs\/lands\/index.php?rest_route=\/wp\/v2\/types\/page"}],"author":[{"embeddable":true,"href":"http:\/\/vpts.edu.rs\/lands\/index.php?rest_route=\/wp\/v2\/users\/1"}],"replies":[{"embeddable":true,"href":"http:\/\/vpts.edu.rs\/lands\/index.php?rest_route=%2Fwp%2Fv2%2Fcomments&post=218"}],"version-history":[{"count":0,"href":"http:\/\/vpts.edu.rs\/lands\/index.php?rest_route=\/wp\/v2\/pages\/218\/revisions"}],"wp:attachment":[{"href":"http:\/\/vpts.edu.rs\/lands\/index.php?rest_route=%2Fwp%2Fv2%2Fmedia&parent=218"}],"curies":[{"name":"wp","href":"https:\/\/api.w.org\/{rel}","templated":true}]}}